{"id":690,"date":"2024-04-11T21:33:04","date_gmt":"2024-04-12T01:33:04","guid":{"rendered":"http:\/\/campuzanoabogados.mx\/?page_id=690"},"modified":"2024-04-12T13:46:09","modified_gmt":"2024-04-12T17:46:09","slug":"pablo-campuzano-de-la-mora","status":"publish","type":"page","link":"http:\/\/campuzanoabogados.mx\/index.php\/pablo-campuzano-de-la-mora\/","title":{"rendered":"PABLO CAMPUZANO DE LA MORA"},"content":{"rendered":"<div class=\"wpb-content-wrapper\"><p>[vc_section][vc_row][vc_column][vc_column_text]<\/p>\n<p style=\"text-align: justify;\"><span style=\"font-weight: 400;\"><img loading=\"lazy\" decoding=\"async\" class=\"size-full wp-image-757 alignright\" src=\"http:\/\/campuzanoabogados.mx\/wp-content\/uploads\/2024\/04\/f-3-1.jpg\" alt=\"\" width=\"450\" height=\"535\" srcset=\"http:\/\/campuzanoabogados.mx\/wp-content\/uploads\/2024\/04\/f-3-1.jpg 450w, http:\/\/campuzanoabogados.mx\/wp-content\/uploads\/2024\/04\/f-3-1-252x300.jpg 252w, http:\/\/campuzanoabogados.mx\/wp-content\/uploads\/2024\/04\/f-3-1-70x82.jpg 70w, http:\/\/campuzanoabogados.mx\/wp-content\/uploads\/2024\/04\/f-3-1-300x357.jpg 300w\" sizes=\"auto, (max-width: 450px) 100vw, 450px\" \/>Especialista en resoluci\u00f3n integral de conflictos y litigios estrat\u00e9gicos, Pablo Campuzano de la Mora es licenciado en Derecho por la Universidad Iberoamericana.<\/span><\/p>\n<p style=\"text-align: justify;\"><span style=\"font-weight: 400;\">Campuzano ha cursado diversas especialidades en las universidades m\u00e1s prestigiosas del pa\u00eds y en el extranjero, dentro de las que destacan: Maestr\u00eda en Derecho Penal Acusatorio Adversarial en San Diego, California en el Instituto HeBo; Maestr\u00eda en Derecho Procesal Penal con enfoque en Sistema Acusatorio en el Instituto Nacional de Estudios Superiores en Derecho Penal (Indepac); Especialidad en Sistema Acusatorio Adversarial en la Escuela Libre de Derecho; Diplomado en Lavado de Dinero\u00a0 en el Instituto Tecnol\u00f3gico Aut\u00f3nomo de M\u00e9xico (ITAM), entre otros cursos.<\/span><\/p>\n<p style=\"text-align: justify;\"><span style=\"font-weight: 400;\">Asimismo, Pablo ha colaborado con algunos de los abogados m\u00e1s reconocidos de M\u00e9xico, y en 2018 decidi\u00f3 fundar el despacho Campuzano Abogados, S.C., donde actualmente presta sus servicios a clientes en el dise\u00f1o de estrategias legales id\u00f3neas para la soluci\u00f3n de conflictos.<\/span><\/p>\n<p style=\"text-align: justify;\"><span style=\"font-weight: 400;\">En este sentido, los casos m\u00e1s relevantes en los que ha participado Campuzano se encuentran: la defensa de la Maestra Elba Esther Gordillo Morales, del ex Gobernador del Estado de Veracruz, Javier Duarte de Ochoa, y del se\u00f1or Carlos Salom\u00f3n Villuendas Adame, quien en su momento fue se\u00f1alado como responsable del accidente automovil\u00edstico en Paseo de la Reforma, a bordo de un veh\u00edculo BMW, entre otros.<\/span><\/p>\n<p style=\"text-align: justify;\"><span style=\"font-weight: 400;\">El enfoque altruista de Pablo Campuzano de la Mora se ve reflejado en acciones, ya que desde la fundaci\u00f3n de la firma, el equipo ha asumido diversos casos Pro Bono, principalmente relacionados con violencia de g\u00e9nero y abuso infantil.<\/span><\/p>\n<p style=\"text-align: justify;\"><span style=\"font-weight: 400;\">A nivel acad\u00e9mico, Pablo ha sido ponente en diversas conferencias nacionales e internacionales abordando temas como: Delitos Fiscales, Responsabilidad Penal de Personas Morales y Lavado de Dinero.<\/span><\/p>\n<p>[\/vc_column_text][\/vc_column][\/vc_row][\/vc_section]<\/p>\n<\/div>","protected":false},"excerpt":{"rendered":"<p>[vc_section][vc_row][vc_column][vc_column_text] Especialista en resoluci\u00f3n integral de conflictos y litigios estrat\u00e9gicos, Pablo Campuzano de la Mora es licenciado en Derecho por la Universidad Iberoamericana. Campuzano ha cursado diversas especialidades en las universidades m\u00e1s prestigiosas del pa\u00eds y en el extranjero, dentro de las que destacan: Maestr\u00eda en Derecho Penal Acusatorio Adversarial en San Diego, California en [&hellip;]<\/p>\n","protected":false},"author":1,"featured_media":0,"parent":0,"menu_order":0,"comment_status":"closed","ping_status":"closed","template":"page-templates\/template-fullwidth.php","meta":{"footnotes":""},"class_list":["post-690","page","type-page","status-publish","hentry"],"_links":{"self":[{"href":"http:\/\/campuzanoabogados.mx\/index.php\/wp-json\/wp\/v2\/pages\/690","targetHints":{"allow":["GET"]}}],"collection":[{"href":"http:\/\/campuzanoabogados.mx\/index.php\/wp-json\/wp\/v2\/pages"}],"about":[{"href":"http:\/\/campuzanoabogados.mx\/index.php\/wp-json\/wp\/v2\/types\/page"}],"author":[{"embeddable":true,"href":"http:\/\/campuzanoabogados.mx\/index.php\/wp-json\/wp\/v2\/users\/1"}],"replies":[{"embeddable":true,"href":"http:\/\/campuzanoabogados.mx\/index.php\/wp-json\/wp\/v2\/comments?post=690"}],"version-history":[{"count":4,"href":"http:\/\/campuzanoabogados.mx\/index.php\/wp-json\/wp\/v2\/pages\/690\/revisions"}],"predecessor-version":[{"id":758,"href":"http:\/\/campuzanoabogados.mx\/index.php\/wp-json\/wp\/v2\/pages\/690\/revisions\/758"}],"wp:attachment":[{"href":"http:\/\/campuzanoabogados.mx\/index.php\/wp-json\/wp\/v2\/media?parent=690"}],"curies":[{"name":"wp","href":"https:\/\/api.w.org\/{rel}","templated":true}]}}